{"id":7225,"date":"2024-02-03T15:32:10","date_gmt":"2024-02-03T20:32:10","guid":{"rendered":"https:\/\/talgo.ca\/thanks-for-your-interest-in-our-services"},"modified":"2025-07-27T21:44:32","modified_gmt":"2025-07-28T01:44:32","slug":"thanks-for-your-interest-in-our-services","status":"publish","type":"page","link":"https:\/\/talgo.ca\/en\/thanks-for-your-interest-in-our-services","title":{"rendered":"Thanks for your interest in our services"},"content":{"rendered":"[vc_row type=&#8221;in_container&#8221; full_screen_row_position=&#8221;middle&#8221; column_margin=&#8221;default&#8221; column_direction=&#8221;default&#8221; column_direction_tablet=&#8221;default&#8221; column_direction_phone=&#8221;default&#8221; scene_position=&#8221;center&#8221; top_padding=&#8221;6%&#8221; text_color=&#8221;dark&#8221; text_align=&#8221;left&#8221; row_border_radius=&#8221;none&#8221; row_border_radius_applies=&#8221;bg&#8221; overflow=&#8221;visible&#8221; overlay_strength=&#8221;0.3&#8243; gradient_direction=&#8221;left_to_right&#8221; shape_divider_position=&#8221;bottom&#8221; bg_image_animation=&#8221;none&#8221; gradient_type=&#8221;default&#8221; shape_type=&#8221;&#8221;][vc_column column_padding=&#8221;no-extra-padding&#8221; column_padding_tablet=&#8221;inherit&#8221; column_padding_phone=&#8221;inherit&#8221; column_padding_position=&#8221;all&#8221; column_element_direction_desktop=&#8221;default&#8221; column_element_spacing=&#8221;default&#8221; desktop_text_alignment=&#8221;default&#8221; tablet_text_alignment=&#8221;default&#8221; phone_text_alignment=&#8221;default&#8221; background_color_opacity=&#8221;1&#8243; background_hover_color_opacity=&#8221;1&#8243; column_backdrop_filter=&#8221;none&#8221; column_shadow=&#8221;none&#8221; column_border_radius=&#8221;none&#8221; column_link_target=&#8221;_self&#8221; column_position=&#8221;default&#8221; gradient_direction=&#8221;left_to_right&#8221; overlay_strength=&#8221;0.3&#8243; width=&#8221;2\/3&#8243; tablet_width_inherit=&#8221;default&#8221; animation_type=&#8221;default&#8221; bg_image_animation=&#8221;none&#8221; border_type=&#8221;simple&#8221; column_border_width=&#8221;none&#8221; column_border_style=&#8221;solid&#8221;][vc_column_text css=&#8221;&#8221; text_direction=&#8221;default&#8221;]A member of our team will be happy to contact you as soon as possible.<\/p>\n<p>If you&#8217;d like a faster response, please contact us at <a href=\"tel:8558559058\">+1 855-855-9058<\/a>.[\/vc_column_text][\/vc_column][vc_column column_padding=&#8221;no-extra-padding&#8221; column_padding_tablet=&#8221;inherit&#8221; column_padding_phone=&#8221;inherit&#8221; column_padding_position=&#8221;all&#8221; column_element_direction_desktop=&#8221;default&#8221; column_element_spacing=&#8221;default&#8221; desktop_text_alignment=&#8221;default&#8221; tablet_text_alignment=&#8221;default&#8221; phone_text_alignment=&#8221;default&#8221; background_color_opacity=&#8221;1&#8243; background_hover_color_opacity=&#8221;1&#8243; column_backdrop_filter=&#8221;none&#8221; column_shadow=&#8221;none&#8221; column_border_radius=&#8221;none&#8221; column_link_target=&#8221;_self&#8221; column_position=&#8221;default&#8221; gradient_direction=&#8221;left_to_right&#8221; overlay_strength=&#8221;0.3&#8243; width=&#8221;1\/3&#8243; tablet_width_inherit=&#8221;default&#8221; animation_type=&#8221;default&#8221; bg_image_animation=&#8221;none&#8221; border_type=&#8221;simple&#8221; column_border_width=&#8221;none&#8221; column_border_style=&#8221;solid&#8221;][image_with_animation image_url=&#8221;6371&#8243; image_size=&#8221;full&#8221; max_width=&#8221;100%&#8221; max_width_mobile=&#8221;default&#8221; animation_type=&#8221;entrance&#8221; animation=&#8221;None&#8221; animation_movement_type=&#8221;transform_y&#8221; hover_animation=&#8221;none&#8221; alignment=&#8221;&#8221; border_radius=&#8221;none&#8221; box_shadow=&#8221;none&#8221; image_loading=&#8221;default&#8221;][\/vc_column][\/vc_row]\n","protected":false},"excerpt":{"rendered":"<p>&#8230;<\/p>\n","protected":false},"author":1,"featured_media":9244,"parent":0,"menu_order":0,"comment_status":"closed","ping_status":"closed","template":"","meta":{"content-type":"","footnotes":""},"class_list":["post-7225","page","type-page","status-publish","has-post-thumbnail"],"yoast_head":"<!-- This site is optimized with the Yoast SEO Premium plugin v25.3.1 (Yoast SEO v27.1.1) - https:\/\/yoast.com\/product\/yoast-seo-premium-wordpress\/ -->\n<title>Merci de votre int\u00e9r\u00eat pour nos services: Contactez-nous d\u00e8s maintenant - Talgo<\/title>\n<meta name=\"description\" content=\"Nous sommes l\u00e0 pour vous aider! Notre \u00e9quipe est pr\u00eate \u00e0 vous contacter d\u00e8s que possible. Obtenez une r\u00e9ponse rapide en nous appelant au +1 855-855-9058.\" \/>\n<meta name=\"robots\" content=\"index, follow, max-snippet:-1, max-image-preview:large, max-video-preview:-1\" \/>\n<link rel=\"canonical\" href=\"https:\/\/talgo.ca\/en\/thanks-for-your-interest-in-our-services\" \/>\n<meta property=\"og:locale\" content=\"en_US\" \/>\n<meta property=\"og:type\" content=\"article\" \/>\n<meta property=\"og:title\" content=\"Thanks for your interest in our services\" \/>\n<meta property=\"og:description\" content=\"Nous sommes l\u00e0 pour vous aider! Notre \u00e9quipe est pr\u00eate \u00e0 vous contacter d\u00e8s que possible. Obtenez une r\u00e9ponse rapide en nous appelant au +1 855-855-9058.\" \/>\n<meta property=\"og:url\" content=\"https:\/\/talgo.ca\/en\/thanks-for-your-interest-in-our-services\" \/>\n<meta property=\"og:site_name\" content=\"Talgo\" \/>\n<meta property=\"article:publisher\" content=\"https:\/\/www.facebook.com\/TalgoRH\/\" \/>\n<meta property=\"article:modified_time\" content=\"2025-07-28T01:44:32+00:00\" \/>\n<meta property=\"og:image\" content=\"https:\/\/talgo.ca\/wp-content\/uploads\/2024\/08\/Talgo-Headhunter.jpeg\" \/>\n\t<meta property=\"og:image:width\" content=\"1920\" \/>\n\t<meta property=\"og:image:height\" content=\"1008\" \/>\n\t<meta property=\"og:image:type\" content=\"image\/jpeg\" \/>\n<meta name=\"twitter:card\" content=\"summary_large_image\" \/>\n<meta name=\"twitter:label1\" content=\"Est. reading time\" \/>\n\t<meta name=\"twitter:data1\" content=\"1 minute\" \/>\n<script type=\"application\/ld+json\" class=\"yoast-schema-graph\">{\"@context\":\"https:\/\/schema.org\",\"@graph\":[{\"@type\":\"WebPage\",\"@id\":\"https:\/\/talgo.ca\/en\/thanks-for-your-interest-in-our-services\",\"url\":\"https:\/\/talgo.ca\/en\/thanks-for-your-interest-in-our-services\",\"name\":\"Merci de votre int\u00e9r\u00eat pour nos services: Contactez-nous d\u00e8s maintenant - Talgo\",\"isPartOf\":{\"@id\":\"https:\/\/talgo.ca\/#website\"},\"primaryImageOfPage\":{\"@id\":\"https:\/\/talgo.ca\/en\/thanks-for-your-interest-in-our-services#primaryimage\"},\"image\":{\"@id\":\"https:\/\/talgo.ca\/en\/thanks-for-your-interest-in-our-services#primaryimage\"},\"thumbnailUrl\":\"https:\/\/talgo.ca\/wp-content\/uploads\/2024\/08\/Talgo-Headhunter.jpeg\",\"datePublished\":\"2024-02-03T20:32:10+00:00\",\"dateModified\":\"2025-07-28T01:44:32+00:00\",\"description\":\"Nous sommes l\u00e0 pour vous aider! Notre \u00e9quipe est pr\u00eate \u00e0 vous contacter d\u00e8s que possible. Obtenez une r\u00e9ponse rapide en nous appelant au +1 855-855-9058.\",\"breadcrumb\":{\"@id\":\"https:\/\/talgo.ca\/en\/thanks-for-your-interest-in-our-services#breadcrumb\"},\"inLanguage\":\"en-CA\",\"potentialAction\":[{\"@type\":\"ReadAction\",\"target\":[\"https:\/\/talgo.ca\/en\/thanks-for-your-interest-in-our-services\"]}]},{\"@type\":\"ImageObject\",\"inLanguage\":\"en-CA\",\"@id\":\"https:\/\/talgo.ca\/en\/thanks-for-your-interest-in-our-services#primaryimage\",\"url\":\"https:\/\/talgo.ca\/wp-content\/uploads\/2024\/08\/Talgo-Headhunter.jpeg\",\"contentUrl\":\"https:\/\/talgo.ca\/wp-content\/uploads\/2024\/08\/Talgo-Headhunter.jpeg\",\"width\":1920,\"height\":1008,\"caption\":\"Talgo - Headhunter\"},{\"@type\":\"BreadcrumbList\",\"@id\":\"https:\/\/talgo.ca\/en\/thanks-for-your-interest-in-our-services#breadcrumb\",\"itemListElement\":[{\"@type\":\"ListItem\",\"position\":1,\"name\":\"Accueil\",\"item\":\"https:\/\/talgo.ca\/en\"},{\"@type\":\"ListItem\",\"position\":2,\"name\":\"Thanks for your interest in our services\"}]},{\"@type\":\"WebSite\",\"@id\":\"https:\/\/talgo.ca\/#website\",\"url\":\"https:\/\/talgo.ca\/\",\"name\":\"Talgo\",\"description\":\"Headhunters\",\"publisher\":{\"@id\":\"https:\/\/talgo.ca\/#organization\"},\"potentialAction\":[{\"@type\":\"SearchAction\",\"target\":{\"@type\":\"EntryPoint\",\"urlTemplate\":\"https:\/\/talgo.ca\/?s={search_term_string}\"},\"query-input\":{\"@type\":\"PropertyValueSpecification\",\"valueRequired\":true,\"valueName\":\"search_term_string\"}}],\"inLanguage\":\"en-CA\"},{\"@type\":\"Organization\",\"@id\":\"https:\/\/talgo.ca\/#organization\",\"name\":\"Talgo - Chasseurs de T\u00eates en Comptabilit\u00e9 et en Assurance\",\"url\":\"https:\/\/talgo.ca\/\",\"logo\":{\"@type\":\"ImageObject\",\"inLanguage\":\"en-CA\",\"@id\":\"https:\/\/talgo.ca\/#\/schema\/logo\/image\/\",\"url\":\"https:\/\/www.talgo.ca\/wp-content\/uploads\/2024\/01\/Talgo_Retina_Logo.png\",\"contentUrl\":\"https:\/\/www.talgo.ca\/wp-content\/uploads\/2024\/01\/Talgo_Retina_Logo.png\",\"width\":1024,\"height\":393,\"caption\":\"Talgo - Chasseurs de T\u00eates en Comptabilit\u00e9 et en Assurance\"},\"image\":{\"@id\":\"https:\/\/talgo.ca\/#\/schema\/logo\/image\/\"},\"sameAs\":[\"https:\/\/www.facebook.com\/TalgoRH\/\",\"https:\/\/www.linkedin.com\/company\/talgo-rh\"]}]}<\/script>\n<!-- \/ Yoast SEO Premium plugin. -->","yoast_head_json":{"title":"Merci de votre int\u00e9r\u00eat pour nos services: Contactez-nous d\u00e8s maintenant - Talgo","description":"Nous sommes l\u00e0 pour vous aider! Notre \u00e9quipe est pr\u00eate \u00e0 vous contacter d\u00e8s que possible. Obtenez une r\u00e9ponse rapide en nous appelant au +1 855-855-9058.","robots":{"index":"index","follow":"follow","max-snippet":"max-snippet:-1","max-image-preview":"max-image-preview:large","max-video-preview":"max-video-preview:-1"},"canonical":"https:\/\/talgo.ca\/en\/thanks-for-your-interest-in-our-services","og_locale":"en_US","og_type":"article","og_title":"Thanks for your interest in our services","og_description":"Nous sommes l\u00e0 pour vous aider! Notre \u00e9quipe est pr\u00eate \u00e0 vous contacter d\u00e8s que possible. Obtenez une r\u00e9ponse rapide en nous appelant au +1 855-855-9058.","og_url":"https:\/\/talgo.ca\/en\/thanks-for-your-interest-in-our-services","og_site_name":"Talgo","article_publisher":"https:\/\/www.facebook.com\/TalgoRH\/","article_modified_time":"2025-07-28T01:44:32+00:00","og_image":[{"width":1920,"height":1008,"url":"https:\/\/talgo.ca\/wp-content\/uploads\/2024\/08\/Talgo-Headhunter.jpeg","type":"image\/jpeg"}],"twitter_card":"summary_large_image","twitter_misc":{"Est. reading time":"1 minute"},"schema":{"@context":"https:\/\/schema.org","@graph":[{"@type":"WebPage","@id":"https:\/\/talgo.ca\/en\/thanks-for-your-interest-in-our-services","url":"https:\/\/talgo.ca\/en\/thanks-for-your-interest-in-our-services","name":"Merci de votre int\u00e9r\u00eat pour nos services: Contactez-nous d\u00e8s maintenant - Talgo","isPartOf":{"@id":"https:\/\/talgo.ca\/#website"},"primaryImageOfPage":{"@id":"https:\/\/talgo.ca\/en\/thanks-for-your-interest-in-our-services#primaryimage"},"image":{"@id":"https:\/\/talgo.ca\/en\/thanks-for-your-interest-in-our-services#primaryimage"},"thumbnailUrl":"https:\/\/talgo.ca\/wp-content\/uploads\/2024\/08\/Talgo-Headhunter.jpeg","datePublished":"2024-02-03T20:32:10+00:00","dateModified":"2025-07-28T01:44:32+00:00","description":"Nous sommes l\u00e0 pour vous aider! Notre \u00e9quipe est pr\u00eate \u00e0 vous contacter d\u00e8s que possible. Obtenez une r\u00e9ponse rapide en nous appelant au +1 855-855-9058.","breadcrumb":{"@id":"https:\/\/talgo.ca\/en\/thanks-for-your-interest-in-our-services#breadcrumb"},"inLanguage":"en-CA","potentialAction":[{"@type":"ReadAction","target":["https:\/\/talgo.ca\/en\/thanks-for-your-interest-in-our-services"]}]},{"@type":"ImageObject","inLanguage":"en-CA","@id":"https:\/\/talgo.ca\/en\/thanks-for-your-interest-in-our-services#primaryimage","url":"https:\/\/talgo.ca\/wp-content\/uploads\/2024\/08\/Talgo-Headhunter.jpeg","contentUrl":"https:\/\/talgo.ca\/wp-content\/uploads\/2024\/08\/Talgo-Headhunter.jpeg","width":1920,"height":1008,"caption":"Talgo - Headhunter"},{"@type":"BreadcrumbList","@id":"https:\/\/talgo.ca\/en\/thanks-for-your-interest-in-our-services#breadcrumb","itemListElement":[{"@type":"ListItem","position":1,"name":"Accueil","item":"https:\/\/talgo.ca\/en"},{"@type":"ListItem","position":2,"name":"Thanks for your interest in our services"}]},{"@type":"WebSite","@id":"https:\/\/talgo.ca\/#website","url":"https:\/\/talgo.ca\/","name":"Talgo","description":"Headhunters","publisher":{"@id":"https:\/\/talgo.ca\/#organization"},"potentialAction":[{"@type":"SearchAction","target":{"@type":"EntryPoint","urlTemplate":"https:\/\/talgo.ca\/?s={search_term_string}"},"query-input":{"@type":"PropertyValueSpecification","valueRequired":true,"valueName":"search_term_string"}}],"inLanguage":"en-CA"},{"@type":"Organization","@id":"https:\/\/talgo.ca\/#organization","name":"Talgo - Chasseurs de T\u00eates en Comptabilit\u00e9 et en Assurance","url":"https:\/\/talgo.ca\/","logo":{"@type":"ImageObject","inLanguage":"en-CA","@id":"https:\/\/talgo.ca\/#\/schema\/logo\/image\/","url":"https:\/\/www.talgo.ca\/wp-content\/uploads\/2024\/01\/Talgo_Retina_Logo.png","contentUrl":"https:\/\/www.talgo.ca\/wp-content\/uploads\/2024\/01\/Talgo_Retina_Logo.png","width":1024,"height":393,"caption":"Talgo - Chasseurs de T\u00eates en Comptabilit\u00e9 et en Assurance"},"image":{"@id":"https:\/\/talgo.ca\/#\/schema\/logo\/image\/"},"sameAs":["https:\/\/www.facebook.com\/TalgoRH\/","https:\/\/www.linkedin.com\/company\/talgo-rh"]}]}},"_links":{"self":[{"href":"https:\/\/talgo.ca\/en\/wp-json\/wp\/v2\/pages\/7225","targetHints":{"allow":["GET"]}}],"collection":[{"href":"https:\/\/talgo.ca\/en\/wp-json\/wp\/v2\/pages"}],"about":[{"href":"https:\/\/talgo.ca\/en\/wp-json\/wp\/v2\/types\/page"}],"author":[{"embeddable":true,"href":"https:\/\/talgo.ca\/en\/wp-json\/wp\/v2\/users\/1"}],"replies":[{"embeddable":true,"href":"https:\/\/talgo.ca\/en\/wp-json\/wp\/v2\/comments?post=7225"}],"version-history":[{"count":1,"href":"https:\/\/talgo.ca\/en\/wp-json\/wp\/v2\/pages\/7225\/revisions"}],"predecessor-version":[{"id":11948,"href":"https:\/\/talgo.ca\/en\/wp-json\/wp\/v2\/pages\/7225\/revisions\/11948"}],"wp:featuredmedia":[{"embeddable":true,"href":"https:\/\/talgo.ca\/en\/wp-json\/wp\/v2\/media\/9244"}],"wp:attachment":[{"href":"https:\/\/talgo.ca\/en\/wp-json\/wp\/v2\/media?parent=7225"}],"curies":[{"name":"wp","href":"https:\/\/api.w.org\/{rel}","templated":true}]}}